{"id":2464,"date":"2022-09-06T17:04:42","date_gmt":"2022-09-06T17:04:42","guid":{"rendered":"https:\/\/lhaciendaprovencale.fr\/?page_id=2464"},"modified":"2025-12-20T19:34:41","modified_gmt":"2025-12-20T19:34:41","slug":"tarieven","status":"publish","type":"page","link":"https:\/\/lhaciendaprovencale.fr\/?page_id=2464&lang=nl","title":{"rendered":"TARIEVEN"},"content":{"rendered":"\t\t<div data-elementor-type=\"wp-page\" data-elementor-id=\"2464\" class=\"elementor elementor-2464\">\n\t\t\t\t\t\t<section class=\"elementor-section elementor-top-section elementor-element elementor-element-be17ba7 elementor-section-boxed elementor-section-height-default elementor-section-height-default\" data-id=\"be17ba7\" data-element_type=\"section\" data-e-type=\"section\" data-settings=\"{&quot;background_background&quot;:&quot;classic&quot;}\">\n\t\t\t\t\t\t\t<div class=\"elementor-background-overlay\"><\/div>\n\t\t\t\t\t\t\t<div class=\"elementor-container elementor-column-gap-default\">\n\t\t\t\t\t<div class=\"elementor-column elementor-col-100 elementor-top-column elementor-element elementor-element-4ee5b36\" data-id=\"4ee5b36\" data-element_type=\"column\" data-e-type=\"column\">\n\t\t\t<div class=\"elementor-widget-wrap elementor-element-populated\">\n\t\t\t\t\t\t<div class=\"elementor-element elementor-element-b707b08 elementor-widget elementor-widget-heading\" data-id=\"b707b08\" data-element_type=\"widget\" data-e-type=\"widget\" data-widget_type=\"heading.default\">\n\t\t\t\t<div class=\"elementor-widget-container\">\n\t\t\t\t\t<h1 class=\"elementor-heading-title elementor-size-default\">Tarieven<\/h1>\t\t\t\t<\/div>\n\t\t\t\t<\/div>\n\t\t\t\t\t<\/div>\n\t\t<\/div>\n\t\t\t\t\t<\/div>\n\t\t<\/section>\n\t\t\t\t<section class=\"elementor-section elementor-top-section elementor-element elementor-element-1d13aec elementor-section-boxed elementor-section-height-default elementor-section-height-default\" data-id=\"1d13aec\" data-element_type=\"section\" data-e-type=\"section\">\n\t\t\t\t\t\t<div class=\"elementor-container elementor-column-gap-default\">\n\t\t\t\t\t<div class=\"elementor-column elementor-col-100 elementor-top-column elementor-element elementor-element-b43283f\" data-id=\"b43283f\" data-element_type=\"column\" data-e-type=\"column\">\n\t\t\t<div class=\"elementor-widget-wrap elementor-element-populated\">\n\t\t\t\t\t\t<div class=\"elementor-element elementor-element-5f566aa elementor-widget elementor-widget-text-editor\" data-id=\"5f566aa\" data-element_type=\"widget\" data-e-type=\"widget\" data-widget_type=\"text-editor.default\">\n\t\t\t\t<div class=\"elementor-widget-container\">\n\t\t\t\t\t\t\t\t\t<p style=\"margin-bottom: 0cm;\" align=\"CENTER\"><span style=\"font-family: Trebuchet MS, sans-serif;\"><span style=\"font-size: 20pt;\"><u><b>L&rsquo;HACIENDA PROVEN\u00c7ALE<\/b><\/u><\/span><\/span><\/p>\n<p style=\"margin-bottom: 0cm;\" align=\"CENTER\"><span style=\"font-family: Trebuchet MS, sans-serif;\"><span style=\"font-size: 20pt;\"><u><b>&nbsp;<\/b><\/u><\/span><\/span><\/p>\n<p align=\"CENTER\"><strong>Prijzen incl. BTW zonder toeristenbelasting (0,80\u20ac per nacht en persoon voor de kamers en 1,50\u20ac per nacht en persoon voor de suite)<\/strong><\/p>\n<p style=\"margin-bottom: 0cm;\" align=\"CENTER\"><span style=\"font-family: Trebuchet MS, sans-serif;\"><span style=\"font-size: medium;\"><b>&nbsp;<\/b><\/span><\/span><\/p>\n<p style=\"margin-bottom: 0cm;\" align=\"CENTER\"><font face=\"Trebuchet MS, sans-serif\" size=\"4\"><b>Tarieven incl. btw\/nacht hele jaar door<\/b><\/font><\/p>\n<p style=\"margin-bottom: 0cm;\" align=\"CENTER\"><font face=\"Trebuchet MS, sans-serif\" size=\"4\"><b>Aankomst vanaf 16.00 uur &#8211; Vertrek tot 11.00 uur Toeslag voor laat vertrek (na 12.00 uur): 20\u20ac<\/b><\/font><\/p>\n<p style=\"margin-bottom: 0cm;\" align=\"CENTER\"><br><\/p>\n<p><br><\/p>\n<table border=\"1\" width=\"100%\" cellspacing=\"0\" cellpadding=\"4\">\n<colgroup>\n<col width=\"154*\">\n<col width=\"102*\"> <\/colgroup>\n<tbody>\n<tr valign=\"TOP\">\n<td width=\"60%\">\n<p align=\"CENTER\"><span style=\"font-family: Trebuchet MS, sans-serif;\"><span style=\"font-size: 15pt;\">Suite Yucca<\/span><\/span><\/p>\n<p align=\"LEFT\"><strong>Minimum 2 nachten, prijs voor 2 personen, extra persoon 10\u20ac<\/strong><\/p>\n<p align=\"LEFT\"><b>Petit d\u00e9jeuner : 10\u20ac<\/b><\/p>\n<\/td>\n<td width=\"40%\">\n<p align=\"CENTER\"><span style=\"font-family: Trebuchet MS, sans-serif;\"><span style=\"font-size: 20pt;\">86,00 \u20ac<\/span><\/span><\/p>\n<\/td>\n<\/tr>\n<tr valign=\"TOP\">\n<td width=\"60%\">\n<p align=\"CENTER\"><span style=\"font-family: Trebuchet MS, sans-serif;\"><span style=\"font-size: 15pt;\">Chambre Agave<\/span><\/span><\/p>\n<p align=\"LEFT\"><strong>Prijs voor 1 of 2 personen ontbijt inbegrepen.&nbsp;<\/strong><\/p><p align=\"LEFT\"><b>Ontbijt inbegrepen<\/b><\/p>\n<\/td>\n<td width=\"40%\">\n<p align=\"CENTER\"><span style=\"font-family: Trebuchet MS, sans-serif;\"><span style=\"font-size: 20pt;\">81,00 \u20ac<\/span><\/span><\/p>\n<\/td>\n<\/tr>\n<tr valign=\"TOP\">\n<td width=\"60%\">\n<p align=\"CENTER\"><span style=\"font-family: Trebuchet MS, sans-serif;\"><span style=\"font-size: 15pt;\">Chambre cactus<\/span><\/span><\/p>\n<p align=\"LEFT\"><strong>Prijs voor 1 of 2 personen ontbijt inbegrepen.&nbsp;<\/strong><\/p><p align=\"LEFT\"><b>Ontbijt inbegrepen<\/b><\/p>\n<\/td>\n<td width=\"40%\">\n<p align=\"CENTER\"><span style=\"font-family: Trebuchet MS, sans-serif;\"><span style=\"font-size: 20pt;\">81,00 \u20ac<\/span><\/span><\/p>\n<\/td>\n<\/tr>\n<\/tbody>\n<\/table>\n<p style=\"margin-bottom: 0cm;\" align=\"CENTER\"><br><\/p>\n<p style=\"margin-bottom: 0cm;\" align=\"CENTER\">\n<\/p>\t\t\t\t\t\t\t\t<\/div>\n\t\t\t\t<\/div>\n\t\t\t\t\t<\/div>\n\t\t<\/div>\n\t\t\t\t\t<\/div>\n\t\t<\/section>\n\t\t\t\t<section class=\"elementor-section elementor-top-section elementor-element elementor-element-b79550d elementor-section-boxed elementor-section-height-default elementor-section-height-default\" data-id=\"b79550d\" data-element_type=\"section\" data-e-type=\"section\" data-settings=\"{&quot;background_background&quot;:&quot;classic&quot;}\">\n\t\t\t\t\t\t\t<div class=\"elementor-background-overlay\"><\/div>\n\t\t\t\t\t\t\t<div class=\"elementor-container elementor-column-gap-no\">\n\t\t\t\t\t<div class=\"elementor-column elementor-col-100 elementor-top-column elementor-element elementor-element-46610bb\" data-id=\"46610bb\" data-element_type=\"column\" data-e-type=\"column\">\n\t\t\t<div class=\"elementor-widget-wrap elementor-element-populated\">\n\t\t\t\t\t\t<div class=\"elementor-element elementor-element-e4cbc42 elementor-widget elementor-widget-heading\" data-id=\"e4cbc42\" data-element_type=\"widget\" data-e-type=\"widget\" data-widget_type=\"heading.default\">\n\t\t\t\t<div class=\"elementor-widget-container\">\n\t\t\t\t\t<h2 class=\"elementor-heading-title elementor-size-default\">Plan uw verblijf in de Hacienda<\/h2>\t\t\t\t<\/div>\n\t\t\t\t<\/div>\n\t\t\t\t<div class=\"elementor-element elementor-element-702ff58 elementor-widget elementor-widget-heading\" data-id=\"702ff58\" data-element_type=\"widget\" data-e-type=\"widget\" data-widget_type=\"heading.default\">\n\t\t\t\t<div class=\"elementor-widget-container\">\n\t\t\t\t\t<p class=\"elementor-heading-title elementor-size-default\">CONTACT-ONS VOOR MEER INFORMATIE<\/p>\t\t\t\t<\/div>\n\t\t\t\t<\/div>\n\t\t\t\t<div class=\"elementor-element elementor-element-442e4ac elementor-align-center elementor-icon-list--layout-traditional elementor-list-item-link-full_width elementor-widget elementor-widget-icon-list\" data-id=\"442e4ac\" data-element_type=\"widget\" data-e-type=\"widget\" data-widget_type=\"icon-list.default\">\n\t\t\t\t<div class=\"elementor-widget-container\">\n\t\t\t\t\t\t\t<ul class=\"elementor-icon-list-items\">\n\t\t\t\t\t\t\t<li class=\"elementor-icon-list-item\">\n\t\t\t\t\t\t\t\t\t\t\t<span class=\"elementor-icon-list-icon\">\n\t\t\t\t\t\t\t<i aria-hidden=\"true\" class=\"fas fa-phone-alt\"><\/i>\t\t\t\t\t\t<\/span>\n\t\t\t\t\t\t\t\t\t\t<span class=\"elementor-icon-list-text\">+33 6.41.17.67.05<\/span>\n\t\t\t\t\t\t\t\t\t<\/li>\n\t\t\t\t\t\t\t\t<li class=\"elementor-icon-list-item\">\n\t\t\t\t\t\t\t\t\t\t\t<span class=\"elementor-icon-list-icon\">\n\t\t\t\t\t\t\t<i aria-hidden=\"true\" class=\"fas fa-laptop\"><\/i>\t\t\t\t\t\t<\/span>\n\t\t\t\t\t\t\t\t\t\t<span class=\"elementor-icon-list-text\">info@lhaciendaprovencale.fr<\/span>\n\t\t\t\t\t\t\t\t\t<\/li>\n\t\t\t\t\t\t<\/ul>\n\t\t\t\t\t\t<\/div>\n\t\t\t\t<\/div>\n\t\t\t\t\t<\/div>\n\t\t<\/div>\n\t\t\t\t\t<\/div>\n\t\t<\/section>\n\t\t\t\t<\/div>\n\t\t","protected":false},"excerpt":{"rendered":"<p>Tarieven L&rsquo;HACIENDA PROVEN\u00c7ALE &nbsp; Prijzen incl. BTW zonder toeristenbelasting (0,80\u20ac per nacht en persoon voor de kamers en 1,50\u20ac per nacht en persoon voor de suite) &nbsp; Tarieven incl. btw\/nacht hele jaar door Aankomst vanaf 16.00 uur &#8211; Vertrek tot 11.00 uur Toeslag voor laat vertrek (na 12.00 uur): 20\u20ac Suite Yucca Minimum 2 nachten, [&hellip;]<\/p>\n","protected":false},"author":1,"featured_media":0,"parent":0,"menu_order":0,"comment_status":"closed","ping_status":"closed","template":"","meta":{"site-sidebar-layout":"no-sidebar","site-content-layout":"page-builder","ast-site-content-layout":"default","site-content-style":"default","site-sidebar-style":"default","ast-global-header-display":"","ast-banner-title-visibility":"","ast-main-header-display":"","ast-hfb-above-header-display":"","ast-hfb-below-header-display":"","ast-hfb-mobile-header-display":"","site-post-title":"disabled","ast-breadcrumbs-content":"","ast-featured-img":"disabled","footer-sml-layout":"","ast-disable-related-posts":"","theme-transparent-header-meta":"enabled","adv-header-id-meta":"","stick-header-meta":"","header-above-stick-meta":"","header-main-stick-meta":"","header-below-stick-meta":"","astra-migrate-meta-layouts":"default","ast-page-background-enabled":"default","ast-page-background-meta":{"desktop":{"background-color":"","background-image":"","background-repeat":"repeat","background-position":"center center","background-size":"auto","background-attachment":"scroll","background-type":"","background-media":"","overlay-type":"","overlay-color":"","overlay-opacity":"","overlay-gradient":""},"tablet":{"background-color":"","background-image":"","background-repeat":"repeat","background-position":"center center","background-size":"auto","background-attachment":"scroll","background-type":"","background-media":"","overlay-type":"","overlay-color":"","overlay-opacity":"","overlay-gradient":""},"mobile":{"background-color":"","background-image":"","background-repeat":"repeat","background-position":"center center","background-size":"auto","background-attachment":"scroll","background-type":"","background-media":"","overlay-type":"","overlay-color":"","overlay-opacity":"","overlay-gradient":""}},"ast-content-background-meta":{"desktop":{"background-color":"var(--ast-global-color-5)","background-image":"","background-repeat":"repeat","background-position":"center center","background-size":"auto","background-attachment":"scroll","background-type":"","background-media":"","overlay-type":"","overlay-color":"","overlay-opacity":"","overlay-gradient":""},"tablet":{"background-color":"var(--ast-global-color-5)","background-image":"","background-repeat":"repeat","background-position":"center center","background-size":"auto","background-attachment":"scroll","background-type":"","background-media":"","overlay-type":"","overlay-color":"","overlay-opacity":"","overlay-gradient":""},"mobile":{"background-color":"var(--ast-global-color-5)","background-image":"","background-repeat":"repeat","background-position":"center center","background-size":"auto","background-attachment":"scroll","background-type":"","background-media":"","overlay-type":"","overlay-color":"","overlay-opacity":"","overlay-gradient":""}},"footnotes":""},"class_list":["post-2464","page","type-page","status-publish","hentry"],"yoast_head":"<!-- This site is optimized with the Yoast SEO plugin v27.4 - https:\/\/yoast.com\/product\/yoast-seo-wordpress\/ -->\n<title>TARIEVEN - L&#039;Hacienda proven\u00e7ale<\/title>\n<meta name=\"robots\" content=\"index, follow, max-snippet:-1, max-image-preview:large, max-video-preview:-1\" \/>\n<link rel=\"canonical\" href=\"https:\/\/lhaciendaprovencale.fr\/?page_id=2464&lang=nl\" \/>\n<meta property=\"og:locale\" content=\"fr_FR\" \/>\n<meta property=\"og:type\" content=\"article\" \/>\n<meta property=\"og:title\" content=\"TARIEVEN - L&#039;Hacienda proven\u00e7ale\" \/>\n<meta property=\"og:description\" content=\"Tarieven L&rsquo;HACIENDA PROVEN\u00c7ALE &nbsp; Prijzen incl. BTW zonder toeristenbelasting (0,80\u20ac per nacht en persoon voor de kamers en 1,50\u20ac per nacht en persoon voor de suite) &nbsp; Tarieven incl. btw\/nacht hele jaar door Aankomst vanaf 16.00 uur &#8211; Vertrek tot 11.00 uur Toeslag voor laat vertrek (na 12.00 uur): 20\u20ac Suite Yucca Minimum 2 nachten, [&hellip;]\" \/>\n<meta property=\"og:url\" content=\"https:\/\/lhaciendaprovencale.fr\/?page_id=2464&amp;lang=nl\" \/>\n<meta property=\"og:site_name\" content=\"L&#039;Hacienda proven\u00e7ale\" \/>\n<meta property=\"article:modified_time\" content=\"2025-12-20T19:34:41+00:00\" \/>\n<meta name=\"twitter:card\" content=\"summary_large_image\" \/>\n<meta name=\"twitter:label1\" content=\"Dur\u00e9e de lecture estim\u00e9e\" \/>\n\t<meta name=\"twitter:data1\" content=\"1 minute\" \/>\n<script type=\"application\/ld+json\" class=\"yoast-schema-graph\">{\"@context\":\"https:\\\/\\\/schema.org\",\"@graph\":[{\"@type\":\"WebPage\",\"@id\":\"https:\\\/\\\/lhaciendaprovencale.fr\\\/?page_id=2464&lang=nl\",\"url\":\"https:\\\/\\\/lhaciendaprovencale.fr\\\/?page_id=2464&lang=nl\",\"name\":\"TARIEVEN - L&#039;Hacienda proven\u00e7ale\",\"isPartOf\":{\"@id\":\"https:\\\/\\\/lhaciendaprovencale.fr\\\/#website\"},\"datePublished\":\"2022-09-06T17:04:42+00:00\",\"dateModified\":\"2025-12-20T19:34:41+00:00\",\"breadcrumb\":{\"@id\":\"https:\\\/\\\/lhaciendaprovencale.fr\\\/?page_id=2464&lang=nl#breadcrumb\"},\"inLanguage\":\"fr-FR\",\"potentialAction\":[{\"@type\":\"ReadAction\",\"target\":[\"https:\\\/\\\/lhaciendaprovencale.fr\\\/?page_id=2464&lang=nl\"]}]},{\"@type\":\"BreadcrumbList\",\"@id\":\"https:\\\/\\\/lhaciendaprovencale.fr\\\/?page_id=2464&lang=nl#breadcrumb\",\"itemListElement\":[{\"@type\":\"ListItem\",\"position\":1,\"name\":\"Accueil\",\"item\":\"https:\\\/\\\/lhaciendaprovencale.fr\\\/\"},{\"@type\":\"ListItem\",\"position\":2,\"name\":\"TARIEVEN\"}]},{\"@type\":\"WebSite\",\"@id\":\"https:\\\/\\\/lhaciendaprovencale.fr\\\/#website\",\"url\":\"https:\\\/\\\/lhaciendaprovencale.fr\\\/\",\"name\":\"lhaciendaprovencale.fr\",\"description\":\"Votre escale en Provence\",\"publisher\":{\"@id\":\"https:\\\/\\\/lhaciendaprovencale.fr\\\/#organization\"},\"potentialAction\":[{\"@type\":\"SearchAction\",\"target\":{\"@type\":\"EntryPoint\",\"urlTemplate\":\"https:\\\/\\\/lhaciendaprovencale.fr\\\/?s={search_term_string}\"},\"query-input\":{\"@type\":\"PropertyValueSpecification\",\"valueRequired\":true,\"valueName\":\"search_term_string\"}}],\"inLanguage\":\"fr-FR\"},{\"@type\":\"Organization\",\"@id\":\"https:\\\/\\\/lhaciendaprovencale.fr\\\/#organization\",\"name\":\"L Hacienda proven\u00e7ale\",\"url\":\"https:\\\/\\\/lhaciendaprovencale.fr\\\/\",\"logo\":{\"@type\":\"ImageObject\",\"inLanguage\":\"fr-FR\",\"@id\":\"https:\\\/\\\/lhaciendaprovencale.fr\\\/#\\\/schema\\\/logo\\\/image\\\/\",\"url\":\"https:\\\/\\\/lhaciendaprovencale.fr\\\/wp-content\\\/uploads\\\/2021\\\/05\\\/Logo-Hacienda-correct-pour-Google.jpg\",\"contentUrl\":\"https:\\\/\\\/lhaciendaprovencale.fr\\\/wp-content\\\/uploads\\\/2021\\\/05\\\/Logo-Hacienda-correct-pour-Google.jpg\",\"width\":1280,\"height\":720,\"caption\":\"L Hacienda proven\u00e7ale\"},\"image\":{\"@id\":\"https:\\\/\\\/lhaciendaprovencale.fr\\\/#\\\/schema\\\/logo\\\/image\\\/\"}}]}<\/script>\n<!-- \/ Yoast SEO plugin. -->","yoast_head_json":{"title":"TARIEVEN - L&#039;Hacienda proven\u00e7ale","robots":{"index":"index","follow":"follow","max-snippet":"max-snippet:-1","max-image-preview":"max-image-preview:large","max-video-preview":"max-video-preview:-1"},"canonical":"https:\/\/lhaciendaprovencale.fr\/?page_id=2464&lang=nl","og_locale":"fr_FR","og_type":"article","og_title":"TARIEVEN - L&#039;Hacienda proven\u00e7ale","og_description":"Tarieven L&rsquo;HACIENDA PROVEN\u00c7ALE &nbsp; Prijzen incl. BTW zonder toeristenbelasting (0,80\u20ac per nacht en persoon voor de kamers en 1,50\u20ac per nacht en persoon voor de suite) &nbsp; Tarieven incl. btw\/nacht hele jaar door Aankomst vanaf 16.00 uur &#8211; Vertrek tot 11.00 uur Toeslag voor laat vertrek (na 12.00 uur): 20\u20ac Suite Yucca Minimum 2 nachten, [&hellip;]","og_url":"https:\/\/lhaciendaprovencale.fr\/?page_id=2464&lang=nl","og_site_name":"L&#039;Hacienda proven\u00e7ale","article_modified_time":"2025-12-20T19:34:41+00:00","twitter_card":"summary_large_image","twitter_misc":{"Dur\u00e9e de lecture estim\u00e9e":"1 minute"},"schema":{"@context":"https:\/\/schema.org","@graph":[{"@type":"WebPage","@id":"https:\/\/lhaciendaprovencale.fr\/?page_id=2464&lang=nl","url":"https:\/\/lhaciendaprovencale.fr\/?page_id=2464&lang=nl","name":"TARIEVEN - L&#039;Hacienda proven\u00e7ale","isPartOf":{"@id":"https:\/\/lhaciendaprovencale.fr\/#website"},"datePublished":"2022-09-06T17:04:42+00:00","dateModified":"2025-12-20T19:34:41+00:00","breadcrumb":{"@id":"https:\/\/lhaciendaprovencale.fr\/?page_id=2464&lang=nl#breadcrumb"},"inLanguage":"fr-FR","potentialAction":[{"@type":"ReadAction","target":["https:\/\/lhaciendaprovencale.fr\/?page_id=2464&lang=nl"]}]},{"@type":"BreadcrumbList","@id":"https:\/\/lhaciendaprovencale.fr\/?page_id=2464&lang=nl#breadcrumb","itemListElement":[{"@type":"ListItem","position":1,"name":"Accueil","item":"https:\/\/lhaciendaprovencale.fr\/"},{"@type":"ListItem","position":2,"name":"TARIEVEN"}]},{"@type":"WebSite","@id":"https:\/\/lhaciendaprovencale.fr\/#website","url":"https:\/\/lhaciendaprovencale.fr\/","name":"lhaciendaprovencale.fr","description":"Votre escale en Provence","publisher":{"@id":"https:\/\/lhaciendaprovencale.fr\/#organization"},"potentialAction":[{"@type":"SearchAction","target":{"@type":"EntryPoint","urlTemplate":"https:\/\/lhaciendaprovencale.fr\/?s={search_term_string}"},"query-input":{"@type":"PropertyValueSpecification","valueRequired":true,"valueName":"search_term_string"}}],"inLanguage":"fr-FR"},{"@type":"Organization","@id":"https:\/\/lhaciendaprovencale.fr\/#organization","name":"L Hacienda proven\u00e7ale","url":"https:\/\/lhaciendaprovencale.fr\/","logo":{"@type":"ImageObject","inLanguage":"fr-FR","@id":"https:\/\/lhaciendaprovencale.fr\/#\/schema\/logo\/image\/","url":"https:\/\/lhaciendaprovencale.fr\/wp-content\/uploads\/2021\/05\/Logo-Hacienda-correct-pour-Google.jpg","contentUrl":"https:\/\/lhaciendaprovencale.fr\/wp-content\/uploads\/2021\/05\/Logo-Hacienda-correct-pour-Google.jpg","width":1280,"height":720,"caption":"L Hacienda proven\u00e7ale"},"image":{"@id":"https:\/\/lhaciendaprovencale.fr\/#\/schema\/logo\/image\/"}}]}},"_links":{"self":[{"href":"https:\/\/lhaciendaprovencale.fr\/index.php?rest_route=\/wp\/v2\/pages\/2464","targetHints":{"allow":["GET"]}}],"collection":[{"href":"https:\/\/lhaciendaprovencale.fr\/index.php?rest_route=\/wp\/v2\/pages"}],"about":[{"href":"https:\/\/lhaciendaprovencale.fr\/index.php?rest_route=\/wp\/v2\/types\/page"}],"author":[{"embeddable":true,"href":"https:\/\/lhaciendaprovencale.fr\/index.php?rest_route=\/wp\/v2\/users\/1"}],"replies":[{"embeddable":true,"href":"https:\/\/lhaciendaprovencale.fr\/index.php?rest_route=%2Fwp%2Fv2%2Fcomments&post=2464"}],"version-history":[{"count":22,"href":"https:\/\/lhaciendaprovencale.fr\/index.php?rest_route=\/wp\/v2\/pages\/2464\/revisions"}],"predecessor-version":[{"id":3257,"href":"https:\/\/lhaciendaprovencale.fr\/index.php?rest_route=\/wp\/v2\/pages\/2464\/revisions\/3257"}],"wp:attachment":[{"href":"https:\/\/lhaciendaprovencale.fr\/index.php?rest_route=%2Fwp%2Fv2%2Fmedia&parent=2464"}],"curies":[{"name":"wp","href":"https:\/\/api.w.org\/{rel}","templated":true}]}}