{"id":2446,"date":"2022-09-06T16:45:39","date_gmt":"2022-09-06T16:45:39","guid":{"rendered":"https:\/\/lhaciendaprovencale.fr\/?page_id=2446"},"modified":"2025-12-20T19:39:26","modified_gmt":"2025-12-20T19:39:26","slug":"tarifs","status":"publish","type":"page","link":"https:\/\/lhaciendaprovencale.fr\/?page_id=2446","title":{"rendered":"TARIFS"},"content":{"rendered":"\t\t<div data-elementor-type=\"wp-page\" data-elementor-id=\"2446\" class=\"elementor elementor-2446\">\n\t\t\t\t\t\t<section class=\"elementor-section elementor-top-section elementor-element elementor-element-be17ba7 elementor-section-boxed elementor-section-height-default elementor-section-height-default\" data-id=\"be17ba7\" data-element_type=\"section\" data-e-type=\"section\" data-settings=\"{&quot;background_background&quot;:&quot;classic&quot;}\">\n\t\t\t\t\t\t\t<div class=\"elementor-background-overlay\"><\/div>\n\t\t\t\t\t\t\t<div class=\"elementor-container elementor-column-gap-default\">\n\t\t\t\t\t<div class=\"elementor-column elementor-col-100 elementor-top-column elementor-element elementor-element-4ee5b36\" data-id=\"4ee5b36\" data-element_type=\"column\" data-e-type=\"column\">\n\t\t\t<div class=\"elementor-widget-wrap elementor-element-populated\">\n\t\t\t\t\t\t<div class=\"elementor-element elementor-element-b707b08 elementor-widget elementor-widget-heading\" data-id=\"b707b08\" data-element_type=\"widget\" data-e-type=\"widget\" data-widget_type=\"heading.default\">\n\t\t\t\t<div class=\"elementor-widget-container\">\n\t\t\t\t\t<h1 class=\"elementor-heading-title elementor-size-default\">Tarifs<\/h1>\t\t\t\t<\/div>\n\t\t\t\t<\/div>\n\t\t\t\t\t<\/div>\n\t\t<\/div>\n\t\t\t\t\t<\/div>\n\t\t<\/section>\n\t\t\t\t<section class=\"elementor-section elementor-top-section elementor-element elementor-element-1d13aec elementor-section-boxed elementor-section-height-default elementor-section-height-default\" data-id=\"1d13aec\" data-element_type=\"section\" data-e-type=\"section\">\n\t\t\t\t\t\t<div class=\"elementor-container elementor-column-gap-default\">\n\t\t\t\t\t<div class=\"elementor-column elementor-col-100 elementor-top-column elementor-element elementor-element-b43283f\" data-id=\"b43283f\" data-element_type=\"column\" data-e-type=\"column\">\n\t\t\t<div class=\"elementor-widget-wrap elementor-element-populated\">\n\t\t\t\t\t\t<div class=\"elementor-element elementor-element-5f566aa elementor-widget elementor-widget-text-editor\" data-id=\"5f566aa\" data-element_type=\"widget\" data-e-type=\"widget\" data-widget_type=\"text-editor.default\">\n\t\t\t\t<div class=\"elementor-widget-container\">\n\t\t\t\t\t\t\t\t\t<p style=\"margin-bottom: 0cm;\" align=\"CENTER\"><span style=\"font-family: Trebuchet MS, sans-serif;\"><span style=\"font-size: 20pt;\"><u><b>TARIFS DE L&rsquo;HACIENDA PROVEN\u00c7ALE<\/b><\/u><\/span><\/span><\/p><p style=\"margin-bottom: 0cm;\" align=\"CENTER\"><span style=\"font-family: Trebuchet MS, sans-serif;\"><span style=\"font-size: medium;\"><b>Prix TTC sauf taxe de s\u00e9jour (<\/b><\/span><\/span><span style=\"background-color: var(--ast-global-color-4);\"><span style=\"font-family: Trebuchet MS, sans-serif; font-size: medium;\"><b>0,80 \u20ac par personne et par nuit\u00e9e pour les chambres et 1,50\u20ac par personne et par nuit\u00e9e pour la suite<\/b><\/span><\/span><b style=\"font-size: medium; font-family: 'Trebuchet MS', sans-serif; font-style: inherit; background-color: var(--ast-global-color-4); color: var(--ast-global-color-3);\">)<\/b><\/p><p style=\"margin-bottom: 0cm;\" align=\"CENTER\"><span style=\"font-family: Trebuchet MS, sans-serif;\"><span style=\"font-size: large;\"><b>Tarifs TTC\/nuit\u00e9e \u00e0 l&rsquo;ann\u00e9e<\/b><\/span><\/span><\/p><p style=\"margin-bottom: 0cm;\" align=\"CENTER\"><span style=\"font-family: Trebuchet MS, sans-serif;\"><span style=\"font-size: large;\"><b>Arriv\u00e9es \u00e0 partir de 16h &#8211; D\u00e9part jusqu&rsquo;\u00e0 11h<\/b><\/span><\/span><\/p><p style=\"margin-bottom: 0cm;\" align=\"CENTER\"><span style=\"font-family: Trebuchet MS, sans-serif;\"><span style=\"font-size: large;\"><b>Suppl\u00e9ment pour d\u00e9part tardif (apr\u00e8s 12h): 20\u20ac<\/b><\/span><\/span><\/p><table border=\"1\" width=\"100%\" cellspacing=\"0\" cellpadding=\"4\"><colgroup> <col width=\"154*\" \/> <col width=\"102*\" \/> <\/colgroup><tbody><tr valign=\"TOP\"><td width=\"60%\"><p align=\"CENTER\"><span style=\"font-family: Trebuchet MS, sans-serif;\"><span style=\"font-size: 15pt;\">Suite Yucca<\/span><\/span><\/p><p align=\"CENTER\"><span style=\"font-family: Trebuchet MS, sans-serif;\"><span style=\"font-size: 15pt;\">2 pi\u00e8ces class\u00e9 3 \u00e9toiles<\/span><\/span><\/p><p align=\"LEFT\"><span style=\"font-family: Trebuchet MS, sans-serif;\"><span style=\"font-size: 11pt;\">Deux nuit minimum, prix pour 2 personnes, <\/span><\/span><\/p><p align=\"LEFT\"><span style=\"font-family: Trebuchet MS, sans-serif;\"><span style=\"font-size: 11pt;\">personne suppl\u00e9mentaire 10\u20ac<\/span><\/span><\/p><p align=\"LEFT\"><span style=\"font-family: Trebuchet MS, sans-serif;\"><span style=\"font-size: 11pt;\">Petit d\u00e9jeuner 10\u20ac<\/span><\/span><\/p><\/td><td width=\"40%\"><p align=\"CENTER\"><span style=\"font-family: Trebuchet MS, sans-serif;\"><span style=\"font-size: 20pt;\">86,00 \u20ac<\/span><\/span><\/p><\/td><\/tr><tr valign=\"TOP\"><td width=\"60%\"><p align=\"CENTER\"><span style=\"font-family: Trebuchet MS, sans-serif;\"><span style=\"font-size: 15pt;\">Chambre Agave<\/span><\/span><\/p><p align=\"CENTER\"><span style=\"font-family: Trebuchet MS, sans-serif;\"><span style=\"font-size: 15pt;\">Chambre d&rsquo;h\u00f4tes de r\u00e9f\u00e9rence<\/span><\/span><span style=\"font-family: Trebuchet MS, sans-serif;\"><span style=\"font-size: 20px;\">\u00ae<\/span><\/span><\/p><p align=\"LEFT\"><span style=\"font-family: Trebuchet MS, sans-serif;\"><span style=\"font-size: 11pt;\">Prix pour une ou deux personnes. Petit d\u00e9jeuner inclus<\/span><\/span><\/p><\/td><td width=\"40%\"><p align=\"CENTER\"><span style=\"font-family: Trebuchet MS, sans-serif;\"><span style=\"font-size: 20pt;\">81,00 \u20ac<\/span><\/span><\/p><\/td><\/tr><tr valign=\"TOP\"><td width=\"60%\"><p align=\"CENTER\"><span style=\"font-family: Trebuchet MS, sans-serif;\"><span style=\"font-size: 15pt;\">Chambre Cactus<\/span><\/span><\/p><p align=\"CENTER\"><span style=\"font-family: 'Trebuchet MS', sans-serif;\"><span style=\"font-size: 15pt;\">Chambre d&rsquo;h\u00f4tes de r\u00e9f\u00e9rence<\/span><\/span><span style=\"font-family: Trebuchet MS, sans-serif;\"><span style=\"font-size: 20px;\">\u00ae<\/span><\/span><\/p><p align=\"LEFT\"><span style=\"font-family: Trebuchet MS, sans-serif;\"><span style=\"font-size: 11pt;\">Prix pour une ou deux personnes. Petit d\u00e9jeuner inclus<\/span><\/span><\/p><\/td><td width=\"40%\"><p align=\"CENTER\"><span style=\"font-family: Trebuchet MS, sans-serif;\"><span style=\"font-size: 20pt;\">81,00 \u20ac<\/span><\/span><\/p><\/td><\/tr><\/tbody><\/table><p style=\"margin-bottom: 0cm;\" align=\"CENTER\">\u00a0<\/p><p style=\"margin-bottom: 0cm;\" align=\"CENTER\">\u00a0<\/p>\t\t\t\t\t\t\t\t<\/div>\n\t\t\t\t<\/div>\n\t\t\t\t\t<\/div>\n\t\t<\/div>\n\t\t\t\t\t<\/div>\n\t\t<\/section>\n\t\t\t\t<section class=\"elementor-section elementor-top-section elementor-element elementor-element-b79550d elementor-section-boxed elementor-section-height-default elementor-section-height-default\" data-id=\"b79550d\" data-element_type=\"section\" data-e-type=\"section\" data-settings=\"{&quot;background_background&quot;:&quot;classic&quot;}\">\n\t\t\t\t\t\t\t<div class=\"elementor-background-overlay\"><\/div>\n\t\t\t\t\t\t\t<div class=\"elementor-container elementor-column-gap-no\">\n\t\t\t\t\t<div class=\"elementor-column elementor-col-100 elementor-top-column elementor-element elementor-element-46610bb\" data-id=\"46610bb\" data-element_type=\"column\" data-e-type=\"column\">\n\t\t\t<div class=\"elementor-widget-wrap elementor-element-populated\">\n\t\t\t\t\t\t<div class=\"elementor-element elementor-element-e4cbc42 elementor-widget elementor-widget-heading\" data-id=\"e4cbc42\" data-element_type=\"widget\" data-e-type=\"widget\" data-widget_type=\"heading.default\">\n\t\t\t\t<div class=\"elementor-widget-container\">\n\t\t\t\t\t<h2 class=\"elementor-heading-title elementor-size-default\">Planifiez votre s\u00e9jour \u00e0 l'Hacienda<\/h2>\t\t\t\t<\/div>\n\t\t\t\t<\/div>\n\t\t\t\t<div class=\"elementor-element elementor-element-702ff58 elementor-widget elementor-widget-heading\" data-id=\"702ff58\" data-element_type=\"widget\" data-e-type=\"widget\" data-widget_type=\"heading.default\">\n\t\t\t\t<div class=\"elementor-widget-container\">\n\t\t\t\t\t<p class=\"elementor-heading-title elementor-size-default\">CONTACTEZ-NOUS POUR PLUS D'INFORMATIONS<\/p>\t\t\t\t<\/div>\n\t\t\t\t<\/div>\n\t\t\t\t<div class=\"elementor-element elementor-element-442e4ac elementor-align-center elementor-icon-list--layout-traditional elementor-list-item-link-full_width elementor-widget elementor-widget-icon-list\" data-id=\"442e4ac\" data-element_type=\"widget\" data-e-type=\"widget\" data-widget_type=\"icon-list.default\">\n\t\t\t\t<div class=\"elementor-widget-container\">\n\t\t\t\t\t\t\t<ul class=\"elementor-icon-list-items\">\n\t\t\t\t\t\t\t<li class=\"elementor-icon-list-item\">\n\t\t\t\t\t\t\t\t\t\t\t<span class=\"elementor-icon-list-icon\">\n\t\t\t\t\t\t\t<i aria-hidden=\"true\" class=\"fas fa-phone-alt\"><\/i>\t\t\t\t\t\t<\/span>\n\t\t\t\t\t\t\t\t\t\t<span class=\"elementor-icon-list-text\">+33 (0)6.41.17.67.05<\/span>\n\t\t\t\t\t\t\t\t\t<\/li>\n\t\t\t\t\t\t\t\t<li class=\"elementor-icon-list-item\">\n\t\t\t\t\t\t\t\t\t\t\t<span class=\"elementor-icon-list-icon\">\n\t\t\t\t\t\t\t<i aria-hidden=\"true\" class=\"fas fa-laptop\"><\/i>\t\t\t\t\t\t<\/span>\n\t\t\t\t\t\t\t\t\t\t<span class=\"elementor-icon-list-text\">info@lhaciendaprovencale.fr<\/span>\n\t\t\t\t\t\t\t\t\t<\/li>\n\t\t\t\t\t\t<\/ul>\n\t\t\t\t\t\t<\/div>\n\t\t\t\t<\/div>\n\t\t\t\t\t<\/div>\n\t\t<\/div>\n\t\t\t\t\t<\/div>\n\t\t<\/section>\n\t\t\t\t<section class=\"elementor-section elementor-top-section elementor-element elementor-element-5875d21 elementor-section-boxed elementor-section-height-default elementor-section-height-default\" data-id=\"5875d21\" data-element_type=\"section\" data-e-type=\"section\">\n\t\t\t\t\t\t<div class=\"elementor-container elementor-column-gap-default\">\n\t\t\t\t\t<div class=\"elementor-column elementor-col-100 elementor-top-column elementor-element elementor-element-1cb3bf1\" data-id=\"1cb3bf1\" data-element_type=\"column\" data-e-type=\"column\">\n\t\t\t<div class=\"elementor-widget-wrap elementor-element-populated\">\n\t\t\t\t\t\t<div class=\"elementor-element elementor-element-feccb0d elementor-widget elementor-widget-text-editor\" data-id=\"feccb0d\" data-element_type=\"widget\" data-e-type=\"widget\" data-widget_type=\"text-editor.default\">\n\t\t\t\t<div class=\"elementor-widget-container\">\n\t\t\t\t\t\t\t\t\t<p>Pour tout r\u00e8glement de 25\u20ac et plus, une note est d\u00e9livr\u00e9e sous format papier ou \u00e9lectronique selon le choix du client. <br \/>Note sur demande pour r\u00e8glements de moins de 25\u20ac.<\/p>\t\t\t\t\t\t\t\t<\/div>\n\t\t\t\t<\/div>\n\t\t\t\t\t<\/div>\n\t\t<\/div>\n\t\t\t\t\t<\/div>\n\t\t<\/section>\n\t\t\t\t<\/div>\n\t\t","protected":false},"excerpt":{"rendered":"<p>Tarifs TARIFS DE L&rsquo;HACIENDA PROVEN\u00c7ALE Prix TTC sauf taxe de s\u00e9jour (0,80 \u20ac par personne et par nuit\u00e9e pour les chambres et 1,50\u20ac par personne et par nuit\u00e9e pour la suite) Tarifs TTC\/nuit\u00e9e \u00e0 l&rsquo;ann\u00e9e Arriv\u00e9es \u00e0 partir de 16h &#8211; D\u00e9part jusqu&rsquo;\u00e0 11h Suppl\u00e9ment pour d\u00e9part tardif (apr\u00e8s 12h): 20\u20ac Suite Yucca 2 pi\u00e8ces [&hellip;]<\/p>\n","protected":false},"author":1,"featured_media":0,"parent":0,"menu_order":0,"comment_status":"closed","ping_status":"closed","template":"","meta":{"site-sidebar-layout":"no-sidebar","site-content-layout":"page-builder","ast-site-content-layout":"full-width-container","site-content-style":"unboxed","site-sidebar-style":"unboxed","ast-global-header-display":"","ast-banner-title-visibility":"","ast-main-header-display":"","ast-hfb-above-header-display":"","ast-hfb-below-header-display":"","ast-hfb-mobile-header-display":"","site-post-title":"disabled","ast-breadcrumbs-content":"","ast-featured-img":"disabled","footer-sml-layout":"","ast-disable-related-posts":"","theme-transparent-header-meta":"enabled","adv-header-id-meta":"","stick-header-meta":"","header-above-stick-meta":"","header-main-stick-meta":"","header-below-stick-meta":"","astra-migrate-meta-layouts":"set","ast-page-background-enabled":"default","ast-page-background-meta":{"desktop":{"background-color":"","background-image":"","background-repeat":"repeat","background-position":"center center","background-size":"auto","background-attachment":"scroll","background-type":"","background-media":"","overlay-type":"","overlay-color":"","overlay-opacity":"","overlay-gradient":""},"tablet":{"background-color":"","background-image":"","background-repeat":"repeat","background-position":"center center","background-size":"auto","background-attachment":"scroll","background-type":"","background-media":"","overlay-type":"","overlay-color":"","overlay-opacity":"","overlay-gradient":""},"mobile":{"background-color":"","background-image":"","background-repeat":"repeat","background-position":"center center","background-size":"auto","background-attachment":"scroll","background-type":"","background-media":"","overlay-type":"","overlay-color":"","overlay-opacity":"","overlay-gradient":""}},"ast-content-background-meta":{"desktop":{"background-color":"var(--ast-global-color-5)","background-image":"","background-repeat":"repeat","background-position":"center center","background-size":"auto","background-attachment":"scroll","background-type":"","background-media":"","overlay-type":"","overlay-color":"","overlay-opacity":"","overlay-gradient":""},"tablet":{"background-color":"var(--ast-global-color-5)","background-image":"","background-repeat":"repeat","background-position":"center center","background-size":"auto","background-attachment":"scroll","background-type":"","background-media":"","overlay-type":"","overlay-color":"","overlay-opacity":"","overlay-gradient":""},"mobile":{"background-color":"var(--ast-global-color-5)","background-image":"","background-repeat":"repeat","background-position":"center center","background-size":"auto","background-attachment":"scroll","background-type":"","background-media":"","overlay-type":"","overlay-color":"","overlay-opacity":"","overlay-gradient":""}},"footnotes":""},"class_list":["post-2446","page","type-page","status-publish","hentry"],"yoast_head":"<!-- This site is optimized with the Yoast SEO plugin v27.4 - https:\/\/yoast.com\/product\/yoast-seo-wordpress\/ -->\n<title>TARIFS - L&#039;Hacienda proven\u00e7ale<\/title>\n<meta name=\"robots\" content=\"index, follow, max-snippet:-1, max-image-preview:large, max-video-preview:-1\" \/>\n<link rel=\"canonical\" href=\"https:\/\/lhaciendaprovencale.fr\/?page_id=2446\" \/>\n<meta property=\"og:locale\" content=\"fr_FR\" \/>\n<meta property=\"og:type\" content=\"article\" \/>\n<meta property=\"og:title\" content=\"TARIFS - L&#039;Hacienda proven\u00e7ale\" \/>\n<meta property=\"og:description\" content=\"Tarifs TARIFS DE L&rsquo;HACIENDA PROVEN\u00c7ALE Prix TTC sauf taxe de s\u00e9jour (0,80 \u20ac par personne et par nuit\u00e9e pour les chambres et 1,50\u20ac par personne et par nuit\u00e9e pour la suite) Tarifs TTC\/nuit\u00e9e \u00e0 l&rsquo;ann\u00e9e Arriv\u00e9es \u00e0 partir de 16h &#8211; D\u00e9part jusqu&rsquo;\u00e0 11h Suppl\u00e9ment pour d\u00e9part tardif (apr\u00e8s 12h): 20\u20ac Suite Yucca 2 pi\u00e8ces [&hellip;]\" \/>\n<meta property=\"og:url\" content=\"https:\/\/lhaciendaprovencale.fr\/?page_id=2446\" \/>\n<meta property=\"og:site_name\" content=\"L&#039;Hacienda proven\u00e7ale\" \/>\n<meta property=\"article:modified_time\" content=\"2025-12-20T19:39:26+00:00\" \/>\n<meta name=\"twitter:card\" content=\"summary_large_image\" \/>\n<meta name=\"twitter:label1\" content=\"Dur\u00e9e de lecture estim\u00e9e\" \/>\n\t<meta name=\"twitter:data1\" content=\"1 minute\" \/>\n<script type=\"application\/ld+json\" class=\"yoast-schema-graph\">{\"@context\":\"https:\\\/\\\/schema.org\",\"@graph\":[{\"@type\":\"WebPage\",\"@id\":\"https:\\\/\\\/lhaciendaprovencale.fr\\\/?page_id=2446\",\"url\":\"https:\\\/\\\/lhaciendaprovencale.fr\\\/?page_id=2446\",\"name\":\"TARIFS - L&#039;Hacienda proven\u00e7ale\",\"isPartOf\":{\"@id\":\"https:\\\/\\\/lhaciendaprovencale.fr\\\/#website\"},\"datePublished\":\"2022-09-06T16:45:39+00:00\",\"dateModified\":\"2025-12-20T19:39:26+00:00\",\"breadcrumb\":{\"@id\":\"https:\\\/\\\/lhaciendaprovencale.fr\\\/?page_id=2446#breadcrumb\"},\"inLanguage\":\"fr-FR\",\"potentialAction\":[{\"@type\":\"ReadAction\",\"target\":[\"https:\\\/\\\/lhaciendaprovencale.fr\\\/?page_id=2446\"]}]},{\"@type\":\"BreadcrumbList\",\"@id\":\"https:\\\/\\\/lhaciendaprovencale.fr\\\/?page_id=2446#breadcrumb\",\"itemListElement\":[{\"@type\":\"ListItem\",\"position\":1,\"name\":\"Accueil\",\"item\":\"https:\\\/\\\/lhaciendaprovencale.fr\\\/\"},{\"@type\":\"ListItem\",\"position\":2,\"name\":\"TARIFS\"}]},{\"@type\":\"WebSite\",\"@id\":\"https:\\\/\\\/lhaciendaprovencale.fr\\\/#website\",\"url\":\"https:\\\/\\\/lhaciendaprovencale.fr\\\/\",\"name\":\"lhaciendaprovencale.fr\",\"description\":\"Votre escale en Provence\",\"publisher\":{\"@id\":\"https:\\\/\\\/lhaciendaprovencale.fr\\\/#organization\"},\"potentialAction\":[{\"@type\":\"SearchAction\",\"target\":{\"@type\":\"EntryPoint\",\"urlTemplate\":\"https:\\\/\\\/lhaciendaprovencale.fr\\\/?s={search_term_string}\"},\"query-input\":{\"@type\":\"PropertyValueSpecification\",\"valueRequired\":true,\"valueName\":\"search_term_string\"}}],\"inLanguage\":\"fr-FR\"},{\"@type\":\"Organization\",\"@id\":\"https:\\\/\\\/lhaciendaprovencale.fr\\\/#organization\",\"name\":\"L Hacienda proven\u00e7ale\",\"url\":\"https:\\\/\\\/lhaciendaprovencale.fr\\\/\",\"logo\":{\"@type\":\"ImageObject\",\"inLanguage\":\"fr-FR\",\"@id\":\"https:\\\/\\\/lhaciendaprovencale.fr\\\/#\\\/schema\\\/logo\\\/image\\\/\",\"url\":\"https:\\\/\\\/lhaciendaprovencale.fr\\\/wp-content\\\/uploads\\\/2021\\\/05\\\/Logo-Hacienda-correct-pour-Google.jpg\",\"contentUrl\":\"https:\\\/\\\/lhaciendaprovencale.fr\\\/wp-content\\\/uploads\\\/2021\\\/05\\\/Logo-Hacienda-correct-pour-Google.jpg\",\"width\":1280,\"height\":720,\"caption\":\"L Hacienda proven\u00e7ale\"},\"image\":{\"@id\":\"https:\\\/\\\/lhaciendaprovencale.fr\\\/#\\\/schema\\\/logo\\\/image\\\/\"}}]}<\/script>\n<!-- \/ Yoast SEO plugin. -->","yoast_head_json":{"title":"TARIFS - L&#039;Hacienda proven\u00e7ale","robots":{"index":"index","follow":"follow","max-snippet":"max-snippet:-1","max-image-preview":"max-image-preview:large","max-video-preview":"max-video-preview:-1"},"canonical":"https:\/\/lhaciendaprovencale.fr\/?page_id=2446","og_locale":"fr_FR","og_type":"article","og_title":"TARIFS - L&#039;Hacienda proven\u00e7ale","og_description":"Tarifs TARIFS DE L&rsquo;HACIENDA PROVEN\u00c7ALE Prix TTC sauf taxe de s\u00e9jour (0,80 \u20ac par personne et par nuit\u00e9e pour les chambres et 1,50\u20ac par personne et par nuit\u00e9e pour la suite) Tarifs TTC\/nuit\u00e9e \u00e0 l&rsquo;ann\u00e9e Arriv\u00e9es \u00e0 partir de 16h &#8211; D\u00e9part jusqu&rsquo;\u00e0 11h Suppl\u00e9ment pour d\u00e9part tardif (apr\u00e8s 12h): 20\u20ac Suite Yucca 2 pi\u00e8ces [&hellip;]","og_url":"https:\/\/lhaciendaprovencale.fr\/?page_id=2446","og_site_name":"L&#039;Hacienda proven\u00e7ale","article_modified_time":"2025-12-20T19:39:26+00:00","twitter_card":"summary_large_image","twitter_misc":{"Dur\u00e9e de lecture estim\u00e9e":"1 minute"},"schema":{"@context":"https:\/\/schema.org","@graph":[{"@type":"WebPage","@id":"https:\/\/lhaciendaprovencale.fr\/?page_id=2446","url":"https:\/\/lhaciendaprovencale.fr\/?page_id=2446","name":"TARIFS - L&#039;Hacienda proven\u00e7ale","isPartOf":{"@id":"https:\/\/lhaciendaprovencale.fr\/#website"},"datePublished":"2022-09-06T16:45:39+00:00","dateModified":"2025-12-20T19:39:26+00:00","breadcrumb":{"@id":"https:\/\/lhaciendaprovencale.fr\/?page_id=2446#breadcrumb"},"inLanguage":"fr-FR","potentialAction":[{"@type":"ReadAction","target":["https:\/\/lhaciendaprovencale.fr\/?page_id=2446"]}]},{"@type":"BreadcrumbList","@id":"https:\/\/lhaciendaprovencale.fr\/?page_id=2446#breadcrumb","itemListElement":[{"@type":"ListItem","position":1,"name":"Accueil","item":"https:\/\/lhaciendaprovencale.fr\/"},{"@type":"ListItem","position":2,"name":"TARIFS"}]},{"@type":"WebSite","@id":"https:\/\/lhaciendaprovencale.fr\/#website","url":"https:\/\/lhaciendaprovencale.fr\/","name":"lhaciendaprovencale.fr","description":"Votre escale en Provence","publisher":{"@id":"https:\/\/lhaciendaprovencale.fr\/#organization"},"potentialAction":[{"@type":"SearchAction","target":{"@type":"EntryPoint","urlTemplate":"https:\/\/lhaciendaprovencale.fr\/?s={search_term_string}"},"query-input":{"@type":"PropertyValueSpecification","valueRequired":true,"valueName":"search_term_string"}}],"inLanguage":"fr-FR"},{"@type":"Organization","@id":"https:\/\/lhaciendaprovencale.fr\/#organization","name":"L Hacienda proven\u00e7ale","url":"https:\/\/lhaciendaprovencale.fr\/","logo":{"@type":"ImageObject","inLanguage":"fr-FR","@id":"https:\/\/lhaciendaprovencale.fr\/#\/schema\/logo\/image\/","url":"https:\/\/lhaciendaprovencale.fr\/wp-content\/uploads\/2021\/05\/Logo-Hacienda-correct-pour-Google.jpg","contentUrl":"https:\/\/lhaciendaprovencale.fr\/wp-content\/uploads\/2021\/05\/Logo-Hacienda-correct-pour-Google.jpg","width":1280,"height":720,"caption":"L Hacienda proven\u00e7ale"},"image":{"@id":"https:\/\/lhaciendaprovencale.fr\/#\/schema\/logo\/image\/"}}]}},"_links":{"self":[{"href":"https:\/\/lhaciendaprovencale.fr\/index.php?rest_route=\/wp\/v2\/pages\/2446","targetHints":{"allow":["GET"]}}],"collection":[{"href":"https:\/\/lhaciendaprovencale.fr\/index.php?rest_route=\/wp\/v2\/pages"}],"about":[{"href":"https:\/\/lhaciendaprovencale.fr\/index.php?rest_route=\/wp\/v2\/types\/page"}],"author":[{"embeddable":true,"href":"https:\/\/lhaciendaprovencale.fr\/index.php?rest_route=\/wp\/v2\/users\/1"}],"replies":[{"embeddable":true,"href":"https:\/\/lhaciendaprovencale.fr\/index.php?rest_route=%2Fwp%2Fv2%2Fcomments&post=2446"}],"version-history":[{"count":24,"href":"https:\/\/lhaciendaprovencale.fr\/index.php?rest_route=\/wp\/v2\/pages\/2446\/revisions"}],"predecessor-version":[{"id":3261,"href":"https:\/\/lhaciendaprovencale.fr\/index.php?rest_route=\/wp\/v2\/pages\/2446\/revisions\/3261"}],"wp:attachment":[{"href":"https:\/\/lhaciendaprovencale.fr\/index.php?rest_route=%2Fwp%2Fv2%2Fmedia&parent=2446"}],"curies":[{"name":"wp","href":"https:\/\/api.w.org\/{rel}","templated":true}]}}